{"id":57,"date":"2018-06-13T11:21:14","date_gmt":"2018-06-13T03:21:14","guid":{"rendered":"https:\/\/www.aft.tw\/zh2\/?page_id=57"},"modified":"2023-09-26T10:46:09","modified_gmt":"2023-09-26T02:46:09","slug":"%e5%90%88%e7%b4%84","status":"publish","type":"page","link":"https:\/\/www.aft.tw\/zh\/%e5%90%88%e7%b4%84\/","title":{"rendered":"\u5408\u7d04"},"content":{"rendered":"<p>[et_pb_section fb_built=&#8221;1&#8243; _builder_version=&#8221;3.22&#8243;][et_pb_row _builder_version=&#8221;3.25&#8243; background_size=&#8221;initial&#8221; background_position=&#8221;top_left&#8221; background_repeat=&#8221;repeat&#8221;][et_pb_column type=&#8221;4_4&#8243; _builder_version=&#8221;3.25&#8243; custom_padding=&#8221;|||&#8221; custom_padding__hover=&#8221;|||&#8221;][et_pb_text _builder_version=&#8221;4.7.7&#8243; hover_enabled=&#8221;0&#8243; sticky_enabled=&#8221;0&#8243;]<\/p>\n<p>\u6210\u6703\u53f0\u7063\u6cd5\u570b\u4eba\u5354\u6703\uff0c\u5373\u53ef\u53c3\u52a0\u6211\u5011\u6240\u8fa6\u7684\u4efb\u4f55\u6d3b\u52d5\u53ca\u4eab\u6709\u5408\u4f5c\u5ee0\u5546\u4e4b\u512a\u60e0\uff0c\u6211\u5011\u7684\u6536\u8cbb\u5982\u4e0b<\/p>\n<h4>\u00a02024 \u5e74\u8cbb<\/h4>\n<p>\u5bb6\u5ead\uff1a500NT$<br \/>\u500b\u4eba\uff1a300NT$<br \/>\u5b78\u751f\uff1a200NT$<\/p>\n<p>&nbsp;<\/p>\n<p>\u60a8\u53ef\u4ee5\u5728\u4efb\u4f55AFT\u7684\u6d3b\u52d5\u4e2d\u53d6\u5f97\u60a8\u7684\u6703\u54e1\u5361\uff0c\u50c5\u9700\u5728\u652f\u4ed8\u5165\u5834\u8cbb\u6216\u60a8\u7b2c\u4e00\u6b21\u53c3\u52a0\u6d3b\u52d5\u524d\u5411\u4efb\u4e00\u5de5\u4f5c\u4eba\u54e1\u9818\u53d6\u5373\u53ef\u3002<\/p>\n<p>[\/et_pb_text][\/et_pb_column][\/et_pb_row][\/et_pb_section]<\/p>\n","protected":false},"excerpt":{"rendered":"<p>[et_pb_section fb_built=&#8221;1&#8243; _builder_versio [&hellip;]<\/p>\n","protected":false},"author":1,"featured_media":0,"parent":0,"menu_order":0,"comment_status":"closed","ping_status":"closed","template":"","meta":{"_et_pb_use_builder":"on","_et_pb_old_content":"L'adh\u00e9sion \u00e0 l'Association des Fran\u00e7ais de Taiwan vous permet de participer aux activit\u00e9s organis\u00e9es par l'association \u00e0 un tarif pr\u00e9f\u00e9rentiel. \u6210\u6703\u53f0\u7063\u6cd5\u570b\u4eba\u5354\u6703\uff0c\u5373\u53ef\u53c3\u52a0\u6211\u5011\u6240\u8fa6\u7684\u4efb\u4f55\u6d3b\u52d5\u53ca\u4eab\u6709\u5408\u4f5c\u5ee0\u5546\u4e4b\u512a\u60e0\uff0c\u6211\u5011\u7684\u6536\u8cbb\u5982\u4e0b\r\n<h4>Cotisations 2019 \u5e74\u8cbb<\/h4>\r\nFamille : 500 NT$ \u5bb6\u5ead\r\nIndividuel : 300 NT$ \u500b\u4eba\r\nEtudiant : 200 NT$ \u5b78\u751f\r\n\r\n<strong>Vous pouvez prendre votre cotisation de l'AFT \u00e0 l'occasion de chacun de nos \u00e9v\u00e9nements, il suffit de vous pr\u00e9senter \u00e0 l'un des membres du comit\u00e9 de l'AFT avant de payer votre entr\u00e9e ou votre premi\u00e8re consommation.<\/strong>","_et_gb_content_width":"","footnotes":""},"class_list":["post-57","page","type-page","status-publish","hentry"],"yoast_head":"<!-- This site is optimized with the Yoast SEO plugin v26.5 - https:\/\/yoast.com\/wordpress\/plugins\/seo\/ -->\n<title>\u5408\u7d04 - \u4f86\u8a8d\u8b58\u5728\u53f0\u7063\u7684\u6cd5\u570b\u4eba - Association des Fran\u00e7ais de Taiwan<\/title>\n<meta name=\"robots\" content=\"index, follow, max-snippet:-1, max-image-preview:large, max-video-preview:-1\" \/>\n<link rel=\"canonical\" href=\"https:\/\/www.aft.tw\/zh\/\u5408\u7d04\/\" \/>\n<meta property=\"og:locale\" content=\"zh_TW\" \/>\n<meta property=\"og:type\" content=\"article\" \/>\n<meta property=\"og:title\" content=\"\u5408\u7d04 - \u4f86\u8a8d\u8b58\u5728\u53f0\u7063\u7684\u6cd5\u570b\u4eba - Association des Fran\u00e7ais de Taiwan\" \/>\n<meta property=\"og:description\" content=\"[et_pb_section fb_built=&#8221;1&#8243; _builder_versio [&hellip;]\" \/>\n<meta property=\"og:url\" content=\"https:\/\/www.aft.tw\/zh\/\u5408\u7d04\/\" \/>\n<meta property=\"og:site_name\" content=\"\u4f86\u8a8d\u8b58\u5728\u53f0\u7063\u7684\u6cd5\u570b\u4eba - Association des Fran\u00e7ais de Taiwan\" \/>\n<meta property=\"article:modified_time\" content=\"2023-09-26T02:46:09+00:00\" \/>\n<meta name=\"twitter:card\" content=\"summary_large_image\" \/>\n<meta name=\"twitter:label1\" content=\"\u9810\u4f30\u95b1\u8b80\u6642\u9593\" \/>\n\t<meta name=\"twitter:data1\" content=\"1 \u5206\u9418\" \/>\n<script type=\"application\/ld+json\" class=\"yoast-schema-graph\">{\"@context\":\"https:\/\/schema.org\",\"@graph\":[{\"@type\":\"WebPage\",\"@id\":\"https:\/\/www.aft.tw\/zh\/%e5%90%88%e7%b4%84\/\",\"url\":\"https:\/\/www.aft.tw\/zh\/%e5%90%88%e7%b4%84\/\",\"name\":\"\u5408\u7d04 - \u4f86\u8a8d\u8b58\u5728\u53f0\u7063\u7684\u6cd5\u570b\u4eba - Association des Fran\u00e7ais de Taiwan\",\"isPartOf\":{\"@id\":\"https:\/\/www.aft.tw\/zh\/#website\"},\"datePublished\":\"2018-06-13T03:21:14+00:00\",\"dateModified\":\"2023-09-26T02:46:09+00:00\",\"breadcrumb\":{\"@id\":\"https:\/\/www.aft.tw\/zh\/%e5%90%88%e7%b4%84\/#breadcrumb\"},\"inLanguage\":\"zh-TW\",\"potentialAction\":[{\"@type\":\"ReadAction\",\"target\":[\"https:\/\/www.aft.tw\/zh\/%e5%90%88%e7%b4%84\/\"]}]},{\"@type\":\"BreadcrumbList\",\"@id\":\"https:\/\/www.aft.tw\/zh\/%e5%90%88%e7%b4%84\/#breadcrumb\",\"itemListElement\":[{\"@type\":\"ListItem\",\"position\":1,\"name\":\"Accueil\",\"item\":\"https:\/\/www.aft.tw\/zh\/\"},{\"@type\":\"ListItem\",\"position\":2,\"name\":\"\u5408\u7d04\"}]},{\"@type\":\"WebSite\",\"@id\":\"https:\/\/www.aft.tw\/zh\/#website\",\"url\":\"https:\/\/www.aft.tw\/zh\/\",\"name\":\"\u4f86\u8a8d\u8b58\u5728\u53f0\u7063\u7684\u6cd5\u570b\u4eba - Association des Fran\u00e7ais de Taiwan\",\"description\":\"Le rendez-vous des francophones \u00e0 Taiwan\",\"potentialAction\":[{\"@type\":\"SearchAction\",\"target\":{\"@type\":\"EntryPoint\",\"urlTemplate\":\"https:\/\/www.aft.tw\/zh\/?s={search_term_string}\"},\"query-input\":{\"@type\":\"PropertyValueSpecification\",\"valueRequired\":true,\"valueName\":\"search_term_string\"}}],\"inLanguage\":\"zh-TW\"}]}<\/script>\n<!-- \/ Yoast SEO plugin. -->","yoast_head_json":{"title":"\u5408\u7d04 - \u4f86\u8a8d\u8b58\u5728\u53f0\u7063\u7684\u6cd5\u570b\u4eba - Association des Fran\u00e7ais de Taiwan","robots":{"index":"index","follow":"follow","max-snippet":"max-snippet:-1","max-image-preview":"max-image-preview:large","max-video-preview":"max-video-preview:-1"},"canonical":"https:\/\/www.aft.tw\/zh\/\u5408\u7d04\/","og_locale":"zh_TW","og_type":"article","og_title":"\u5408\u7d04 - \u4f86\u8a8d\u8b58\u5728\u53f0\u7063\u7684\u6cd5\u570b\u4eba - Association des Fran\u00e7ais de Taiwan","og_description":"[et_pb_section fb_built=&#8221;1&#8243; _builder_versio [&hellip;]","og_url":"https:\/\/www.aft.tw\/zh\/\u5408\u7d04\/","og_site_name":"\u4f86\u8a8d\u8b58\u5728\u53f0\u7063\u7684\u6cd5\u570b\u4eba - Association des Fran\u00e7ais de Taiwan","article_modified_time":"2023-09-26T02:46:09+00:00","twitter_card":"summary_large_image","twitter_misc":{"\u9810\u4f30\u95b1\u8b80\u6642\u9593":"1 \u5206\u9418"},"schema":{"@context":"https:\/\/schema.org","@graph":[{"@type":"WebPage","@id":"https:\/\/www.aft.tw\/zh\/%e5%90%88%e7%b4%84\/","url":"https:\/\/www.aft.tw\/zh\/%e5%90%88%e7%b4%84\/","name":"\u5408\u7d04 - \u4f86\u8a8d\u8b58\u5728\u53f0\u7063\u7684\u6cd5\u570b\u4eba - Association des Fran\u00e7ais de Taiwan","isPartOf":{"@id":"https:\/\/www.aft.tw\/zh\/#website"},"datePublished":"2018-06-13T03:21:14+00:00","dateModified":"2023-09-26T02:46:09+00:00","breadcrumb":{"@id":"https:\/\/www.aft.tw\/zh\/%e5%90%88%e7%b4%84\/#breadcrumb"},"inLanguage":"zh-TW","potentialAction":[{"@type":"ReadAction","target":["https:\/\/www.aft.tw\/zh\/%e5%90%88%e7%b4%84\/"]}]},{"@type":"BreadcrumbList","@id":"https:\/\/www.aft.tw\/zh\/%e5%90%88%e7%b4%84\/#breadcrumb","itemListElement":[{"@type":"ListItem","position":1,"name":"Accueil","item":"https:\/\/www.aft.tw\/zh\/"},{"@type":"ListItem","position":2,"name":"\u5408\u7d04"}]},{"@type":"WebSite","@id":"https:\/\/www.aft.tw\/zh\/#website","url":"https:\/\/www.aft.tw\/zh\/","name":"\u4f86\u8a8d\u8b58\u5728\u53f0\u7063\u7684\u6cd5\u570b\u4eba - Association des Fran\u00e7ais de Taiwan","description":"Le rendez-vous des francophones \u00e0 Taiwan","potentialAction":[{"@type":"SearchAction","target":{"@type":"EntryPoint","urlTemplate":"https:\/\/www.aft.tw\/zh\/?s={search_term_string}"},"query-input":{"@type":"PropertyValueSpecification","valueRequired":true,"valueName":"search_term_string"}}],"inLanguage":"zh-TW"}]}},"_links":{"self":[{"href":"https:\/\/www.aft.tw\/zh\/wp-json\/wp\/v2\/pages\/57","targetHints":{"allow":["GET"]}}],"collection":[{"href":"https:\/\/www.aft.tw\/zh\/wp-json\/wp\/v2\/pages"}],"about":[{"href":"https:\/\/www.aft.tw\/zh\/wp-json\/wp\/v2\/types\/page"}],"author":[{"embeddable":true,"href":"https:\/\/www.aft.tw\/zh\/wp-json\/wp\/v2\/users\/1"}],"replies":[{"embeddable":true,"href":"https:\/\/www.aft.tw\/zh\/wp-json\/wp\/v2\/comments?post=57"}],"version-history":[{"count":11,"href":"https:\/\/www.aft.tw\/zh\/wp-json\/wp\/v2\/pages\/57\/revisions"}],"predecessor-version":[{"id":1115,"href":"https:\/\/www.aft.tw\/zh\/wp-json\/wp\/v2\/pages\/57\/revisions\/1115"}],"wp:attachment":[{"href":"https:\/\/www.aft.tw\/zh\/wp-json\/wp\/v2\/media?parent=57"}],"curies":[{"name":"wp","href":"https:\/\/api.w.org\/{rel}","templated":true}]}}